

{"id":81,"date":"2012-05-15T09:45:50","date_gmt":"2012-05-15T09:45:50","guid":{"rendered":"http:\/\/doubrava.knihovna.info\/?page_id=81"},"modified":"2023-02-27T16:36:50","modified_gmt":"2023-02-27T14:36:50","slug":"kontakt","status":"publish","type":"page","link":"https:\/\/doubrava.knihovna.info\/?page_id=81","title":{"rendered":"Kontakt"},"content":{"rendered":"<p>Tel: 596 549 027<\/p>\n<p>E-mail: knihovna@doubrava.cz&nbsp;<\/p>\n<p>Knihovnice: Milena \u017dytkov\u00e1<\/p>\n<p>&nbsp;<\/p>\n<p>Obecn\u00ed knihovna Doubrava<\/p>\n<p>Doubrava 496<\/p>\n<p>735 33 Doubrava<\/p>\n<p>Sigla: KAG510<\/p>\n<p>\u010c\u00edslo registrace na MK \u010cR: 1118&nbsp;<\/p>\n<p>&nbsp;<\/p>\n<p><a title=\"Mapa\" href=\"http:\/\/mapy.cz\/s\/3QHF\" target=\"_blank\" rel=\"noopener\"><img loading=\"lazy\" decoding=\"async\" class=\"aligncenter\" title=\"Mapa\" src=\"http:\/\/doubrava.knihovna.info\/wp-content\/uploads\/2012\/05\/mapa.jpg\" alt=\"Mapa\" width=\"518\" height=\"518\"><\/a><\/p>\n","protected":false},"excerpt":{"rendered":"<p>Tel: 596 549 027 E-mail: knihovna@doubrava.cz&nbsp; Knihovnice: Milena \u017dytkov\u00e1 &nbsp; Obecn\u00ed knihovna Doubrava Doubrava 496 735 33 Doubrava Sigla: KAG510 \u010c\u00edslo registrace na MK \u010cR: 1118&nbsp; &nbsp;<\/p>\n","protected":false},"author":1,"featured_media":0,"parent":0,"menu_order":7,"comment_status":"closed","ping_status":"closed","template":"","meta":{"ngg_post_thumbnail":0,"footnotes":""},"class_list":["post-81","page","type-page","status-publish","hentry"],"_links":{"self":[{"href":"https:\/\/doubrava.knihovna.info\/index.php?rest_route=\/wp\/v2\/pages\/81","targetHints":{"allow":["GET"]}}],"collection":[{"href":"https:\/\/doubrava.knihovna.info\/index.php?rest_route=\/wp\/v2\/pages"}],"about":[{"href":"https:\/\/doubrava.knihovna.info\/index.php?rest_route=\/wp\/v2\/types\/page"}],"author":[{"embeddable":true,"href":"https:\/\/doubrava.knihovna.info\/index.php?rest_route=\/wp\/v2\/users\/1"}],"replies":[{"embeddable":true,"href":"https:\/\/doubrava.knihovna.info\/index.php?rest_route=%2Fwp%2Fv2%2Fcomments&post=81"}],"version-history":[{"count":26,"href":"https:\/\/doubrava.knihovna.info\/index.php?rest_route=\/wp\/v2\/pages\/81\/revisions"}],"predecessor-version":[{"id":2080,"href":"https:\/\/doubrava.knihovna.info\/index.php?rest_route=\/wp\/v2\/pages\/81\/revisions\/2080"}],"wp:attachment":[{"href":"https:\/\/doubrava.knihovna.info\/index.php?rest_route=%2Fwp%2Fv2%2Fmedia&parent=81"}],"curies":[{"name":"wp","href":"https:\/\/api.w.org\/{rel}","templated":true}]}}