

{"id":1647,"date":"2020-02-01T14:49:16","date_gmt":"2020-02-01T12:49:16","guid":{"rendered":"https:\/\/doubrava.knihovna.info\/?page_id=1647"},"modified":"2020-05-04T17:47:12","modified_gmt":"2020-05-04T15:47:12","slug":"sluzby","status":"publish","type":"page","link":"https:\/\/doubrava.knihovna.info\/?page_id=1647","title":{"rendered":"Slu\u017eby"},"content":{"rendered":"\n<ul class=\"wp-block-list\"><li>P\u016fj\u010dov\u00e1n\u00ed knih<\/li><li>Nab\u00eddka \u010dasopis\u016f<\/li><li>Vyu\u017eit\u00ed stoln\u00edch her<\/li><li>\u010cten\u00e1\u0159sk\u00e9 d\u00edlny pro \u017e\u00e1ky <\/li><li>P\u0159edn\u00e1\u0161ky \u010dten\u00e1\u0159sk\u00e9 gramotnosti pro u\u010ditele<\/li><li>Pr\u00e1ce na po\u010d\u00edta\u010di<\/li><li>Besedy se zn\u00e1m\u00fdmi osobnostmi<\/li><li>V\u00fdstavy<\/li><li>Prodej vy\u0159azen\u00fdch titul\u016f<\/li><li>D\u011btsk\u00fd osv\u011btov\u00fd klub &#8211; \u010dinnosti i pro neregistrovan\u00e9 \u010dten\u00e1\u0159e<\/li><\/ul>\n\n\n\n<p><\/p>\n","protected":false},"excerpt":{"rendered":"<p>P\u016fj\u010dov\u00e1n\u00ed knih Nab\u00eddka \u010dasopis\u016f Vyu\u017eit\u00ed stoln\u00edch her \u010cten\u00e1\u0159sk\u00e9 d\u00edlny pro \u017e\u00e1ky P\u0159edn\u00e1\u0161ky \u010dten\u00e1\u0159sk\u00e9 gramotnosti pro u\u010ditele Pr\u00e1ce na po\u010d\u00edta\u010di Besedy se zn\u00e1m\u00fdmi osobnostmi V\u00fdstavy Prodej vy\u0159azen\u00fdch titul\u016f D\u011btsk\u00fd osv\u011btov\u00fd klub &#8211; \u010dinnosti i pro neregistrovan\u00e9 \u010dten\u00e1\u0159e<\/p>\n","protected":false},"author":9192192,"featured_media":0,"parent":0,"menu_order":0,"comment_status":"closed","ping_status":"closed","template":"","meta":{"ngg_post_thumbnail":0,"footnotes":""},"class_list":["post-1647","page","type-page","status-publish","hentry"],"_links":{"self":[{"href":"https:\/\/doubrava.knihovna.info\/index.php?rest_route=\/wp\/v2\/pages\/1647","targetHints":{"allow":["GET"]}}],"collection":[{"href":"https:\/\/doubrava.knihovna.info\/index.php?rest_route=\/wp\/v2\/pages"}],"about":[{"href":"https:\/\/doubrava.knihovna.info\/index.php?rest_route=\/wp\/v2\/types\/page"}],"author":[{"embeddable":true,"href":"https:\/\/doubrava.knihovna.info\/index.php?rest_route=\/wp\/v2\/users\/9192192"}],"replies":[{"embeddable":true,"href":"https:\/\/doubrava.knihovna.info\/index.php?rest_route=%2Fwp%2Fv2%2Fcomments&post=1647"}],"version-history":[{"count":6,"href":"https:\/\/doubrava.knihovna.info\/index.php?rest_route=\/wp\/v2\/pages\/1647\/revisions"}],"predecessor-version":[{"id":1823,"href":"https:\/\/doubrava.knihovna.info\/index.php?rest_route=\/wp\/v2\/pages\/1647\/revisions\/1823"}],"wp:attachment":[{"href":"https:\/\/doubrava.knihovna.info\/index.php?rest_route=%2Fwp%2Fv2%2Fmedia&parent=1647"}],"curies":[{"name":"wp","href":"https:\/\/api.w.org\/{rel}","templated":true}]}}